{"id":2,"date":"2023-07-11T09:44:01","date_gmt":"2023-07-11T07:44:01","guid":{"rendered":"https:\/\/canfranc-somport.pirenifoto.info\/?page_id=2"},"modified":"2025-11-14T15:48:37","modified_gmt":"2025-11-14T14:48:37","slug":"page-d-exemple","status":"publish","type":"page","link":"https:\/\/canfranc-somport.pirenifoto.info\/","title":{"rendered":"Ter Pau-Bedous vs tunnel du Somport"},"content":{"rendered":"\t\t<div data-elementor-type=\"wp-page\" data-elementor-id=\"2\" class=\"elementor elementor-2\">\n\t\t\t\t\t\t<section class=\"elementor-section elementor-top-section elementor-element elementor-element-3893325 elementor-section-boxed elementor-section-height-default elementor-section-height-default\" data-id=\"3893325\" data-element_type=\"section\" data-e-type=\"section\">\n\t\t\t\t\t\t<div class=\"elementor-container elementor-column-gap-default\">\n\t\t\t\t\t<div class=\"elementor-column elementor-col-100 elementor-top-column elementor-element elementor-element-bf0ddc1\" data-id=\"bf0ddc1\" data-element_type=\"column\" data-e-type=\"column\">\n\t\t\t<div class=\"elementor-widget-wrap elementor-element-populated\">\n\t\t\t\t\t\t<div class=\"elementor-element elementor-element-c5c1d85 elementor-widget elementor-widget-heading\" data-id=\"c5c1d85\" data-element_type=\"widget\" data-e-type=\"widget\" data-widget_type=\"heading.default\">\n\t\t\t\t<div class=\"elementor-widget-container\">\n\t\t\t\t\t<h2 class=\"elementor-heading-title elementor-size-default\">Statu quo apr\u00e8s l'inauguration du TER \u00e0 Bedous pour le Pau-Canfranc<\/h2>\t\t\t\t<\/div>\n\t\t\t\t<\/div>\n\t\t\t\t\t<\/div>\n\t\t<\/div>\n\t\t\t\t\t<\/div>\n\t\t<\/section>\n\t\t\t\t<section class=\"elementor-section elementor-top-section elementor-element elementor-element-635a30e elementor-section-boxed elementor-section-height-default elementor-section-height-default\" data-id=\"635a30e\" data-element_type=\"section\" data-e-type=\"section\">\n\t\t\t\t\t\t<div class=\"elementor-container elementor-column-gap-default\">\n\t\t\t\t\t<div class=\"elementor-column elementor-col-100 elementor-top-column elementor-element elementor-element-6f53df14\" data-id=\"6f53df14\" data-element_type=\"column\" data-e-type=\"column\">\n\t\t\t<div class=\"elementor-widget-wrap elementor-element-populated\">\n\t\t\t\t\t\t<div class=\"elementor-element elementor-element-701ec4e7 elementor-widget elementor-widget-text-editor\" data-id=\"701ec4e7\" data-element_type=\"widget\" data-e-type=\"widget\" data-widget_type=\"text-editor.default\">\n\t\t\t\t<div class=\"elementor-widget-container\">\n\t\t\t\t\t\t\t\t\t\n<p class=\"is-layout-flow wp-block-quote-is-layout-flow\">\u00a0<\/p>\n\t\t\t\t\t\t\t\t<\/div>\n\t\t\t\t<\/div>\n\t\t\t\t\t<\/div>\n\t\t<\/div>\n\t\t\t\t\t<\/div>\n\t\t<\/section>\n\t\t\t\t<section class=\"elementor-section elementor-top-section elementor-element elementor-element-9b3b504 elementor-section-boxed elementor-section-height-default elementor-section-height-default\" data-id=\"9b3b504\" data-element_type=\"section\" data-e-type=\"section\">\n\t\t\t\t\t\t<div class=\"elementor-container elementor-column-gap-default\">\n\t\t\t\t\t<div class=\"elementor-column elementor-col-100 elementor-top-column elementor-element elementor-element-6bb1ab5\" data-id=\"6bb1ab5\" data-element_type=\"column\" data-e-type=\"column\">\n\t\t\t<div class=\"elementor-widget-wrap elementor-element-populated\">\n\t\t\t\t\t\t<div class=\"elementor-element elementor-element-b64282a elementor-widget elementor-widget-text-editor\" data-id=\"b64282a\" data-element_type=\"widget\" data-e-type=\"widget\" data-widget_type=\"text-editor.default\">\n\t\t\t\t<div class=\"elementor-widget-container\">\n\t\t\t\t\t\t\t\t\t<p>Ter vs tunnel<\/p>\n<p>Les instances aragonaises et aquitaines ont inaugur\u00e9 l\u2019\u00e9t\u00e9 2016 le retour du TER \u00e0 Bedous. Ce qui fut en soi une bonne nouvelle. Une inauguration qui, pour tous les d\u00e9fenseurs du train en vall\u00e9e d&#8217;Aspe (<a href=\"https:\/\/youtu.be\/fzghVmbJjoc\">interview de David Grosclaude en oc<\/a>), repr\u00e9sentait une victoire acquise sur le terrain de la contestation, notamment avec la lutte fratricide des pros et des anti tunnel du Somport, inaugur\u00e9 quand \u00e0 lui en 2003. <img fetchpriority=\"high\" decoding=\"async\" class=\"size-medium wp-image-158 aligncenter\" src=\"https:\/\/canfranc-somport.pirenifoto.info\/wp-content\/uploads\/2023\/09\/CASCOS1-300x240.jpg\" alt=\"\" width=\"300\" height=\"240\" srcset=\"https:\/\/canfranc-somport.pirenifoto.info\/wp-content\/uploads\/2023\/09\/CASCOS1-300x240.jpg 300w, https:\/\/canfranc-somport.pirenifoto.info\/wp-content\/uploads\/2023\/09\/CASCOS1-1024x819.jpg 1024w, https:\/\/canfranc-somport.pirenifoto.info\/wp-content\/uploads\/2023\/09\/CASCOS1-768x614.jpg 768w, https:\/\/canfranc-somport.pirenifoto.info\/wp-content\/uploads\/2023\/09\/CASCOS1.jpg 1280w\" sizes=\"(max-width: 300px) 100vw, 300px\" \/>La gare de Bedous \u00e9tait redevenue le symbole fort du transport de voyageurs en vall\u00e9e d&#8217;Aspe et effa\u00e7ait d&#8217;un coup trente ann\u00e9es de lutte \u00e9prouvante. Cet optimisme revigor\u00e9 donna une nouvelle dimension \u00e0 l&#8217;extension de la ligne vers Canfranc et Saragosse. Une partie d&#8217;\u00e9checs, men\u00e9e \u00e0 la fois avec patience et obstination par le chef de r\u00e9gion Alain Rousset. Les premiers chiffres furent flatteurs, au moins dans sa premi\u00e8re phase estivale, et donn\u00e8rent raison \u00e0 ce projet \u00e0 priori fantasque et irr\u00e9aliste. Une fr\u00e9quentation journali\u00e8re de plus de 200 personnes, c&#8217;\u00e9tait inesp\u00e9r\u00e9.<\/p>\n<p>De quoi contester la finalit\u00e9 du tunnel routier du Somport, pas s\u00fbr\u00a0!<\/p>\n<p>V\u00e9ritable cauchemar pour les ministres des transports successifs, qu\u2019ils soient espagnols ou fran\u00e7ais, il aura fallut quinze ann\u00e9es de travaux pour que le tunnel voir le jour des deux c\u00f4t\u00e9s de la vall\u00e9e. Pour un co\u00fbt total de 80,5 millions pour la France et 160 millions d&#8217;euros pour l&#8217;Espagne. Souvent ferm\u00e9 en hiver, ce qui est un paradoxe pour un tunnel de montagne, car \u00e0 partir du village d&#8217;Urdos la route est trop enneig\u00e9e, l&#8217;am\u00e9nagement de la N134 pr\u00e9vu initialement pour les camions en transit ne cesse d&#8217;\u00eatre retard\u00e9. Il faut ouvrir les journaux locaux pour compter le nombre d&#8217;accidents d\u00fb \u00e0 la v\u00e9tust\u00e9 et \u00e0 la dangerosit\u00e9 de certains passages. Une pens\u00e9e unique du tout voiture qui aurait pu d\u00e9finitivement enterrer le projet du TER Pau-Canfranc. Mais la lenteur des am\u00e9nagements de la N134 entre Urdos et Bedous, ont peut-\u00eatre involontairement redistribuer les cartes du transport de voyageurs et de marchandises \u00e0 travers les Pyr\u00e9n\u00e9es.<\/p>\n<p>Pour comprendre cette nouvelle perspective\u00a0, il faut d&#8217;abord tenter d&#8217;analyser les infrastructures logistiques des transports du XX\u00e8me et de ce d\u00e9but du XXI\u00e8me si\u00e8cle au niveau pyr\u00e9n\u00e9en, mais aussi europ\u00e9en. <br \/>Commen\u00e7ons tout d&#8217;abord par localiser le tunnel du Somport et la gare de Canfranc<a href=\"https:\/\/canfranc-somport.pirenifoto.info\/wp-content\/uploads\/2023\/07\/carte-Somport.jpg\"><img decoding=\"async\" class=\"size-medium wp-image-64 aligncenter\" src=\"https:\/\/canfranc-somport.pirenifoto.info\/wp-content\/uploads\/2023\/07\/carte-Somport-300x221.jpg\" alt=\"carte de localisation du tunnel du Somport dans les Pyr\u00e9n\u00e9es\" width=\"300\" height=\"221\" srcset=\"https:\/\/canfranc-somport.pirenifoto.info\/wp-content\/uploads\/2023\/07\/carte-Somport-300x221.jpg 300w, https:\/\/canfranc-somport.pirenifoto.info\/wp-content\/uploads\/2023\/07\/carte-Somport-1024x756.jpg 1024w, https:\/\/canfranc-somport.pirenifoto.info\/wp-content\/uploads\/2023\/07\/carte-Somport-768x567.jpg 768w, https:\/\/canfranc-somport.pirenifoto.info\/wp-content\/uploads\/2023\/07\/carte-Somport.jpg 1190w\" sizes=\"(max-width: 300px) 100vw, 300px\" \/><\/a><\/p>\t\t\t\t\t\t\t\t<\/div>\n\t\t\t\t<\/div>\n\t\t\t\t\t<\/div>\n\t\t<\/div>\n\t\t\t\t\t<\/div>\n\t\t<\/section>\n\t\t\t\t<section class=\"elementor-section elementor-top-section elementor-element elementor-element-8337747 elementor-section-boxed elementor-section-height-default elementor-section-height-default\" data-id=\"8337747\" data-element_type=\"section\" data-e-type=\"section\">\n\t\t\t\t\t\t<div class=\"elementor-container elementor-column-gap-default\">\n\t\t\t\t\t<div class=\"elementor-column elementor-col-50 elementor-top-column elementor-element elementor-element-6be1315\" data-id=\"6be1315\" data-element_type=\"column\" data-e-type=\"column\">\n\t\t\t<div class=\"elementor-widget-wrap elementor-element-populated\">\n\t\t\t\t\t\t<div class=\"elementor-element elementor-element-e935409 elementor-widget elementor-widget-text-editor\" data-id=\"e935409\" data-element_type=\"widget\" data-e-type=\"widget\" data-widget_type=\"text-editor.default\">\n\t\t\t\t<div class=\"elementor-widget-container\">\n\t\t\t\t\t\t\t\t\t<p>Perch\u00e9s tous deux au centre des Pyr\u00e9n\u00e9es \u00e0 plus de 1000 m\u00e8tres d&#8217;altitude, ils sont \u00e0 cheval sur les deux vall\u00e9es du B\u00e9arn et de l&#8217;Aragon. Une situation g\u00e9ographique qui ne permet pas \u00e0 priori de faciliter les \u00e9changes Nord-Sud telles qu&#8217;en disposent la Catalogne via La Junquera et le Pays Basque \u00e0 Biriatou. Pour ajouter \u00e0 ce constat d&#8217;embl\u00e9e n\u00e9gatif, ni l&#8217;Aragon, ni le B\u00e9arn ne disposent d&#8217;un acc\u00e8s direct \u00e0 la mer et donc d&#8217;un port autonome \u00e0 dimension europ\u00e9enne, voir mondiale, comme ceux de <a href=\"https:\/\/www.bilbaoport.eus\/en\/the-port-authority\/reports-publications\/\">Bilbao<\/a> (pdf) et Barcelone. Si le lobby des entreprises et des transporteurs aragonais et b\u00e9arnais semblent d&#8217;un avis commun sur la n\u00e9cessaire \u00ab perm\u00e9abilit\u00e9 \u00bb des Pyr\u00e9n\u00e9es, le choix du mod\u00e8le \u00e0 suivre entre route et\/ou rail paraissait jusqu&#8217;\u00e0 pr\u00e9sent plus ind\u00e9cis. L&#8217;histoire des transpyr\u00e9n\u00e9ens semble \u00eatre un \u00e9ternel recommencement. D\u00e9j\u00e0, Mr Garau, dans un article paru en 1933 dans la revue g\u00e9ographique des Pyr\u00e9n\u00e9es et du Sud-ouest contestait l&#8217;utilit\u00e9 d&#8217;une voie ferr\u00e9e entre le B\u00e9arn et l&#8217;Aragon, ces deux r\u00e9gions ne poss\u00e9dant pas de bassins industriels attractifs et puissants comme ceux du Pays Basque et de la Catalogne, alors en plein essor. Pour contredire ce diagnostic n\u00e9gatif et sauver la mise, certains politiques continuent de croire n\u00e9cessaire la cr\u00e9ation d&#8217;un nouveau tunnel ferroviaire sous le Vignemale, ce qui fait bondir une fois de plus pyr\u00e9n\u00e9istes et \u00e9cologistes.<\/p>\t\t\t\t\t\t\t\t<\/div>\n\t\t\t\t<\/div>\n\t\t\t\t\t<\/div>\n\t\t<\/div>\n\t\t\t\t<div class=\"elementor-column elementor-col-50 elementor-top-column elementor-element elementor-element-4661ba0\" data-id=\"4661ba0\" data-element_type=\"column\" data-e-type=\"column\">\n\t\t\t<div class=\"elementor-widget-wrap elementor-element-populated\">\n\t\t\t\t\t\t<div class=\"elementor-element elementor-element-d8dd63a elementor-widget elementor-widget-text-editor\" data-id=\"d8dd63a\" data-element_type=\"widget\" data-e-type=\"widget\" data-widget_type=\"text-editor.default\">\n\t\t\t\t<div class=\"elementor-widget-container\">\n\t\t\t\t\t\t\t\t\t<p>Tiraill\u00e9e entre int\u00e9r\u00eats politiques locaux et r\u00e9gionaux et les enjeux europ\u00e9ens, via <a href=\"https:\/\/canfranc-somport.pirenifoto.info\/index.php\/downloads\/rapport-axe-e7-pyrenees\/\">l&#8217;axe nord-sud E7<\/a> (pdf 1\u20ac), la connexion des deux vall\u00e9es semble vou\u00e9e \u00e0 un \u00e9chec permanent. Pour rajouter \u00e0 la complexit\u00e9 du dossier, que p\u00e8se le poids de la vall\u00e9e d&#8217;Aspe, suspendue \u00e0 des d\u00e9cisions bureaucratiques inf\u00e9od\u00e9es \u00e0 la croissance d\u00e9mographique des grandes m\u00e9tropoles que sont maintenant Bilbao, Bordeaux, Barcelone et Saragosse et \u00e0 la logique des flux de marchandises Nord-Sud. Une chose est s\u00fbre, outre la volont\u00e9 historique de percer les Pyr\u00e9n\u00e9es, l&#8217;enjeu des deux entit\u00e9s b\u00e9arnaise et aragonaise est bien d&#8217;exister \u00ab\u00a0logistiquement\u00a0\u00bb aux c\u00f4t\u00e9s des ogres basque et catalan. Car, il faut se rendre \u00e0 l&#8217;\u00e9vidence, un conteneur chinois pr\u00e9f\u00e9rera d\u00e9barquer sa marchandise au port de Barcelone, et un conteneur britannique ou scandinave ira au port de Bilbao&#8230;la g\u00e9ographie maritime est ainsi faite. La r\u00e9ponse viendra peut-\u00eatre du projet multimodal <a href=\"https:\/\/www.plazalogistica.com\/qui-sommes-nous\/?lang=fr\">Plaza de Saragosse<\/a>, le plus grand centre logistique en Europe. Ce n\u0153ud \u00e0 la fois routier et ferroviaire veut devenir dans les ann\u00e9es \u00e0 venir le centre n\u00e9vralgique et la connexion indispensable entre les ports de Barcelone et Bilbao, afin d&#8217;alimenter Madrid et le Maghreb\u00a0; et une fois travers\u00e9 les Pyr\u00e9n\u00e9es, Pau Bordeaux et le nord de l&#8217;Europe. Mais sans acc\u00e8s ferroviaire via le Somport ou par le tunnel du Vignemale, le projet est-il vou\u00e9 \u00e0 l&#8217;\u00e9chec\u00a0? Ce maillage territorial proposant le transport maritime, puis le transport sur rail sera peut-\u00eatre la solution d&#8217;avenir pour une r\u00e9-ouverture de la gare de Canfranc. Reste \u00e0 trouver 400 millions d&#8217;euros pour finir l&#8217;am\u00e9nagement entre Bedous et la plus haute gare internationale d&#8217;Europe.<\/p>\t\t\t\t\t\t\t\t<\/div>\n\t\t\t\t<\/div>\n\t\t\t\t\t<\/div>\n\t\t<\/div>\n\t\t\t\t\t<\/div>\n\t\t<\/section>\n\t\t\t\t<section class=\"elementor-section elementor-top-section elementor-element elementor-element-bcc9572 elementor-section-boxed elementor-section-height-default elementor-section-height-default\" data-id=\"bcc9572\" data-element_type=\"section\" data-e-type=\"section\">\n\t\t\t\t\t\t<div class=\"elementor-container elementor-column-gap-default\">\n\t\t\t\t\t<div class=\"elementor-column elementor-col-100 elementor-top-column elementor-element elementor-element-2f5050d\" data-id=\"2f5050d\" data-element_type=\"column\" data-e-type=\"column\">\n\t\t\t<div class=\"elementor-widget-wrap elementor-element-populated\">\n\t\t\t\t\t\t<div class=\"elementor-element elementor-element-b459477 elementor-widget elementor-widget-text-editor\" data-id=\"b459477\" data-element_type=\"widget\" data-e-type=\"widget\" data-widget_type=\"text-editor.default\">\n\t\t\t\t<div class=\"elementor-widget-container\">\n\t\t\t\t\t\t\t\t\t<p>Pour en savoir plus<\/p>\n<ul>\n<li><a href=\"https:\/\/canfranc-somport.pirenifoto.info\/wp-content\/uploads\/2023\/07\/A65_rapport2013.pdf\">rapport A65(2013)<\/a>\u00a0du conseiller r\u00e9gional Patrick du Fau de Lamothe<\/li>\n<li><a href=\"https:\/\/canfranc-somport.pirenifoto.info\/wp-content\/uploads\/2023\/07\/Autoroutes_ferroviairesrapport-cour-des-comptes.pdf\">rapport de la Cour des comptes sur l&#8217;autoroute ferroviaire<\/a><\/li>\n<li><a href=\"https:\/\/canfranc-somport.pirenifoto.info\/wp-content\/uploads\/2023\/07\/decret1992France-Espagne.pdf\">d\u00e9cret 1992<\/a><\/li>\n<\/ul>\t\t\t\t\t\t\t\t<\/div>\n\t\t\t\t<\/div>\n\t\t\t\t\t<\/div>\n\t\t<\/div>\n\t\t\t\t\t<\/div>\n\t\t<\/section>\n\t\t\t\t<section class=\"elementor-section elementor-top-section elementor-element elementor-element-66b1d57 elementor-section-boxed elementor-section-height-default elementor-section-height-default\" data-id=\"66b1d57\" data-element_type=\"section\" data-e-type=\"section\">\n\t\t\t\t\t\t<div class=\"elementor-container elementor-column-gap-default\">\n\t\t\t\t\t<div class=\"elementor-column elementor-col-50 elementor-top-column elementor-element elementor-element-8821363\" data-id=\"8821363\" data-element_type=\"column\" data-e-type=\"column\">\n\t\t\t<div class=\"elementor-widget-wrap elementor-element-populated\">\n\t\t\t\t\t\t<div class=\"elementor-element elementor-element-9f8c980 elementor-widget elementor-widget-text-editor\" data-id=\"9f8c980\" data-element_type=\"widget\" data-e-type=\"widget\" data-widget_type=\"text-editor.default\">\n\t\t\t\t<div class=\"elementor-widget-container\">\n\t\t\t\t\t\t\t\t\t<h4>Soutenez le site en offrant quelques satochis au r\u00e9dacteur\u00a0<\/h4>\n<p>\u00a0<\/p>\t\t\t\t\t\t\t\t<\/div>\n\t\t\t\t<\/div>\n\t\t\t\t\t<\/div>\n\t\t<\/div>\n\t\t\t\t<div class=\"elementor-column elementor-col-50 elementor-top-column elementor-element elementor-element-e830005\" data-id=\"e830005\" data-element_type=\"column\" data-e-type=\"column\">\n\t\t\t<div class=\"elementor-widget-wrap elementor-element-populated\">\n\t\t\t\t\t\t<div class=\"elementor-element elementor-element-bb3281f elementor-widget elementor-widget-shortcode\" data-id=\"bb3281f\" data-element_type=\"widget\" data-e-type=\"widget\" data-widget_type=\"shortcode.default\">\n\t\t\t\t<div class=\"elementor-widget-container\">\n\t\t\t\t\t\t\t<div class=\"elementor-shortcode\"><style> .btcpay-form { display: inline-flex; align-items: center; justify-content: center; } .btcpay-form--inline { flex-direction: row; } .btcpay-form--block { flex-direction: column; } .btcpay-form--inline .submit { margin-left: 15px; } .btcpay-form--block select { margin-bottom: 10px; } .btcpay-form .btcpay-custom-container{ text-align: center; }.btcpay-custom { display: flex; align-items: center; justify-content: center; } .btcpay-form .plus-minus { cursor:pointer; font-size:25px; line-height: 25px; background: #DFE0E1; height: 30px; width: 45px; border:none; border-radius: 60px; margin: auto 5px; display: inline-flex; justify-content: center; } .btcpay-form select { -moz-appearance: none; -webkit-appearance: none; appearance: none; color: currentColor; background: transparent; border:1px solid transparent; display: block; padding: 1px; margin-left: auto; margin-right: auto; font-size: 11px; cursor: pointer; } .btcpay-form select:hover { border-color: #ccc; } .btcpay-form option { color: #000; background: rgba(0,0,0,.1); } .btcpay-input-price { -moz-appearance: textfield; border: none; box-shadow: none; text-align: center; font-size: 25px; margin: auto; border-radius: 5px; line-height: 35px; background: #fff; }.btcpay-input-price::-webkit-outer-spin-button, .btcpay-input-price::-webkit-inner-spin-button { -webkit-appearance: none; margin: 0; } <\/style>\n<style> input[type=range].btcpay-input-range { -webkit-appearance:none; width:100%; background: transparent; } input[type=range].btcpay-input-range:focus { outline:0; } input[type=range].btcpay-input-range::-webkit-slider-runnable-track { width:100%; height:3.1px; cursor:pointer; box-shadow:0 0 1.7px #020,0 0 0 #003c00; background:#f3f3f3; border-radius:1px; border:0; } input[type=range].btcpay-input-range::-webkit-slider-thumb { box-shadow:none; border:2.5px solid #cedc21; height:22px; width:22px; border-radius:50%; background:#0f3723; cursor:pointer; -webkit-appearance:none; margin-top:-9.45px } input[type=range].btcpay-input-range:focus::-webkit-slider-runnable-track { background:#fff; } input[type=range].btcpay-input-range::-moz-range-track { width:100%; height:3.1px; cursor:pointer; box-shadow:0 0 1.7px #020,0 0 0 #003c00; background:#f3f3f3; border-radius:1px; border:0; } input[type=range].btcpay-input-range::-moz-range-thumb { box-shadow:none; border:2.5px solid #cedc21; height:22px; width:22px; border-radius:50%; background:#0f3723; cursor:pointer; } input[type=range].btcpay-input-range::-ms-track { width:100%; height:3.1px; cursor:pointer; background:0 0; border-color:transparent; color:transparent; } input[type=range].btcpay-input-range::-ms-fill-lower { background:#e6e6e6; border:0; border-radius:2px; box-shadow:0 0 1.7px #020,0 0 0 #003c00; } input[type=range].btcpay-input-range::-ms-fill-upper { background:#f3f3f3; border:0; border-radius:2px; box-shadow:0 0 1.7px #020,0 0 0 #003c00; } input[type=range].btcpay-input-range::-ms-thumb { box-shadow:none; border:2.5px solid #cedc21; height:22px; width:22px; border-radius:50%; background:#0f3723; cursor:pointer; height:3.1px; } input[type=range].btcpay-input-range:focus::-ms-fill-lower { background:#f3f3f3; } input[type=range].btcpay-input-range:focus::-ms-fill-upper { background:#fff; } <\/style>\n<form method=\"POST\" action=\"https:\/\/mainnet.demo.btcpayserver.org\/api\/v1\/invoices\" class=\"btcpay-form btcpay-form--block\">\n  <input type=\"hidden\" name=\"storeId\" value=\"AwaVDx5fvL6XopvbfwescwTWfQK36XiriG5yzEivtTdH\" \/>\n  <input type=\"hidden\" name=\"jsonResponse\" value=\"true\" \/>\n  <input type=\"hidden\" name=\"checkoutDesc\" value=\"soutien \u00e0 l&apos;article\" \/>\n  <div class=\"btcpay-custom-container\">\n      <input class=\"btcpay-input-price\" type=\"number\" name=\"price\" min=\"3000\" max=\"50000\" step=\"1\" value=\"0.00004\" data-price=\"0.00004\" style=\"width:209px;\" \/>\n    <select name=\"currency\">\n      <option value=\"SATS\" selected>SATS<\/option>\n      <option value=\"USD\">USD<\/option>\n      <option value=\"GBP\">GBP<\/option>\n      <option value=\"EUR\">EUR<\/option>\n      <option value=\"BTC\">BTC<\/option>\n    <\/select>\n    <input type=\"range\" class=\"btcpay-input-range\" min=\"3000\" max=\"50000\" step=\"1\" value=\"0.00004\" style=\"width:209px;margin-bottom:15px;\" \/>\n  <\/div>\n<button type=\"submit\" class=\"submit\" name=\"submit\" style=\"min-width:209px;min-height:57px;border-radius:4px;border-style:none;background-color:#0f3b21;cursor:pointer;\" title=\"Pay with BTCPay Server, a Self-Hosted Bitcoin Payment Processor\"><span style=\"color:#fff\">Pay with<\/span>\n<img decoding=\"async\" src=\"https:\/\/mainnet.demo.btcpayserver.org\/img\/paybutton\/logo.svg\" style=\"height:57px;display:inline-block;padding:5% 0 5% 5px;vertical-align:middle;\">\n<\/button><\/form>\n<script>\n    if (!window.btcpay) {\n        var script = document.createElement('script');\n        script.src = \"https:\/\/mainnet.demo.btcpayserver.org\/modal\/btcpay.js\";\n        document.getElementsByTagName('head')[0].append(script);\n    }\n    function handleFormSubmit(event) {\n        event.preventDefault();\n        var xhttp = new XMLHttpRequest();\n        xhttp.onreadystatechange = function() {\n            if (this.readyState == 4 && this.status == 200 && this.responseText) {\n                window.btcpay.appendInvoiceFrame(JSON.parse(this.responseText).invoiceId);\n            }\n        };\n        xhttp.open('POST', event.target.getAttribute('action'), true);\n        xhttp.send(new FormData(event.target));\n    }\n    document.querySelectorAll(\".btcpay-form\").forEach(function(el) {\n        if (!el.dataset.initialized) {\n            el.addEventListener('submit', handleFormSubmit);\n            el.dataset.initialized = true;\n        }\n    });\n    \n    function handleSliderChange(event) {\n        event.preventDefault();\n        const root = event.target.closest('.btcpay-form');\n        const el = root.querySelector('.btcpay-input-price');\n        const price = parseInt(el.value);\n        const min = parseInt(event.target.getAttribute('min')) || 1;\n        const max = parseInt(event.target.getAttribute('max'));\n        if (price < min) { \n            el.value = min;\n        } else if (price > max) {\n            el.value = max;\n        } \n        root.querySelector('.btcpay-input-range').value = el.value;\n    }\n    function handleSliderInput(event) {\n        event.target.closest('.btcpay-form').querySelector('.btcpay-input-price').value = event.target.value;\n    }\n    document.querySelectorAll(\".btcpay-form .btcpay-input-range\").forEach(function(el) {\n        if (!el.dataset.initialized) {\n            el.addEventListener('input', handleSliderInput);\n            el.dataset.initialized = true;\n        }\n    });\n    document.querySelectorAll(\".btcpay-form .btcpay-input-price\").forEach(function(el) {\n        if (!el.dataset.initialized) {\n            el.addEventListener('change', handleSliderChange);\n            el.dataset.initialized = true;\n        }\n    });\n    \n    function handlePriceInput(event) {\n        event.preventDefault();\n        const root = event.target.closest('.btcpay-form');\n        const price = parseInt(event.target.dataset.price);\n        if (isNaN(event.target.value)) root.querySelector('.btcpay-input-price').value = price;\n        const min = parseInt(event.target.getAttribute('min')) || 1;\n        const max = parseInt(event.target.getAttribute('max'));\n        if (event.target.value < min) {\n            event.target.value = min;\n        } else if (event.target.value > max) { \n            event.target.value = max;\n        }\n    }\n    document.querySelectorAll(\".btcpay-form .btcpay-input-price\").forEach(function(el) {\n        if (!el.dataset.initialized) {\n            el.addEventListener('input', handlePriceInput);\n            el.dataset.initialized = true;\n        }\n    });\n<\/script><\/div>\n\t\t\t\t\t\t<\/div>\n\t\t\t\t<\/div>\n\t\t\t\t\t<\/div>\n\t\t<\/div>\n\t\t\t\t\t<\/div>\n\t\t<\/section>\n\t\t\t\t<\/div>\n\t\t","protected":false},"excerpt":{"rendered":"<p>Statu quo apr\u00e8s l&#8217;inauguration du TER \u00e0 Bedous pour le Pau-Canfranc \u00a0 Ter vs tunnel Les instances aragonaises et aquitaines ont inaugur\u00e9 l\u2019\u00e9t\u00e9 2016 le retour du TER \u00e0 Bedous.&hellip; <\/p>\n","protected":false},"author":1,"featured_media":0,"parent":0,"menu_order":0,"comment_status":"closed","ping_status":"open","template":"","meta":{"om_disable_all_campaigns":false,"_monsterinsights_skip_tracking":false,"_monsterinsights_sitenote_active":false,"_monsterinsights_sitenote_note":"","_monsterinsights_sitenote_category":0,"footnotes":""},"class_list":["post-2","page","type-page","status-publish","hentry"],"aioseo_notices":[],"_links":{"self":[{"href":"https:\/\/canfranc-somport.pirenifoto.info\/index.php\/wp-json\/wp\/v2\/pages\/2","targetHints":{"allow":["GET"]}}],"collection":[{"href":"https:\/\/canfranc-somport.pirenifoto.info\/index.php\/wp-json\/wp\/v2\/pages"}],"about":[{"href":"https:\/\/canfranc-somport.pirenifoto.info\/index.php\/wp-json\/wp\/v2\/types\/page"}],"author":[{"embeddable":true,"href":"https:\/\/canfranc-somport.pirenifoto.info\/index.php\/wp-json\/wp\/v2\/users\/1"}],"replies":[{"embeddable":true,"href":"https:\/\/canfranc-somport.pirenifoto.info\/index.php\/wp-json\/wp\/v2\/comments?post=2"}],"version-history":[{"count":82,"href":"https:\/\/canfranc-somport.pirenifoto.info\/index.php\/wp-json\/wp\/v2\/pages\/2\/revisions"}],"predecessor-version":[{"id":209,"href":"https:\/\/canfranc-somport.pirenifoto.info\/index.php\/wp-json\/wp\/v2\/pages\/2\/revisions\/209"}],"wp:attachment":[{"href":"https:\/\/canfranc-somport.pirenifoto.info\/index.php\/wp-json\/wp\/v2\/media?parent=2"}],"curies":[{"name":"wp","href":"https:\/\/api.w.org\/{rel}","templated":true}]}}